{"id":59,"date":"2018-06-06T13:58:40","date_gmt":"2018-06-06T11:58:40","guid":{"rendered":"https:\/\/www.sg-klotzsche.de\/sw2018\/?page_id=59"},"modified":"2018-06-06T13:58:40","modified_gmt":"2018-06-06T11:58:40","slug":"uebungsleiter","status":"publish","type":"page","link":"https:\/\/www.sg-klotzsche.de\/schwimmen\/training\/uebungsleiter\/","title":{"rendered":"\u00dcbungsleiter"},"content":{"rendered":"<p>Unser Schwimmverein verf\u00fcgt \u00fcber aktuell 10 \u00dcbungsleiter, von denen alle mindestens \u00fcber ein Rettungsschwimmerabzeichen verf\u00fcgen und eine Vielzahl eine Ausbildung zum C-Trainer abgeschlossen haben. Wir stellen in unserer Freizeit das w\u00f6chentliche Schwimmtraining sicher und organisieren nebenbei Ausfl\u00fcge, Feiern und andere Aktivit\u00e4ten des Vereines. Haben Sie Interesse uns als \u00dcbungsleiter zu unterst\u00fctzen? Wir suchen st\u00e4ndig Nachwuchs f\u00fcr unseren Trainerstamm. Melden Sie sich einfach via Kontaktformular bei unserem Vorstand und wir rufen Sie umgehend zur\u00fcck um ein Treffen zu organisieren.<\/p>\n<h4>Voraussetzungen<\/h4>\n<ul>\n<li>min. 16 Jahre<\/li>\n<li>Umgang mit Kindern sollte kein Problem sein<\/li>\n<li>grundlegende Kenntnisse \u00fcber alle Schwimmarten<\/li>\n<\/ul>\n<h4>Einsatz<\/h4>\n<ul>\n<li>regelm\u00e4\u00dfige Unterst\u00fctzung des Trainerteams an einem freigew\u00e4hltem Trainingstag<\/li>\n<li>Organisation von Ausfl\u00fcgen in S\u00e4chsische Schweiz z.B., Neptunfesten, Fahrradtouren, Wettk\u00e4mpfen<\/li>\n<li>bezahlte Ausbildung zum Rettungsschwimmer, Riegenf\u00fchrer, C-Trainer, Kampfrichter<\/li>\n<\/ul>\n","protected":false},"excerpt":{"rendered":"<p>Unser Schwimmverein verf\u00fcgt \u00fcber aktuell 10 \u00dcbungsleiter, von denen alle mindestens \u00fcber ein Rettungsschwimmerabzeichen verf\u00fcgen und eine Vielzahl eine Ausbildung zum C-Trainer abgeschlossen haben. Wir stellen in unserer Freizeit das w\u00f6chentliche Schwimmtraining sicher und organisieren nebenbei Ausfl\u00fcge, Feiern und andere Aktivit\u00e4ten des Vereines. Haben Sie Interesse uns als \u00dcbungsleiter zu\u2026<\/p>\n<p> <a class=\"continue-reading-link\" href=\"https:\/\/www.sg-klotzsche.de\/schwimmen\/training\/uebungsleiter\/\"><span>Weiterlesen<\/span><i class=\"crycon-right-dir\"><\/i><\/a> <\/p>\n","protected":false},"author":7,"featured_media":0,"parent":45,"menu_order":0,"comment_status":"closed","ping_status":"closed","template":"","meta":{"footnotes":""},"class_list":["post-59","page","type-page","status-publish","hentry"],"_links":{"self":[{"href":"https:\/\/www.sg-klotzsche.de\/schwimmen\/wp-json\/wp\/v2\/pages\/59","targetHints":{"allow":["GET"]}}],"collection":[{"href":"https:\/\/www.sg-klotzsche.de\/schwimmen\/wp-json\/wp\/v2\/pages"}],"about":[{"href":"https:\/\/www.sg-klotzsche.de\/schwimmen\/wp-json\/wp\/v2\/types\/page"}],"author":[{"embeddable":true,"href":"https:\/\/www.sg-klotzsche.de\/schwimmen\/wp-json\/wp\/v2\/users\/7"}],"replies":[{"embeddable":true,"href":"https:\/\/www.sg-klotzsche.de\/schwimmen\/wp-json\/wp\/v2\/comments?post=59"}],"version-history":[{"count":1,"href":"https:\/\/www.sg-klotzsche.de\/schwimmen\/wp-json\/wp\/v2\/pages\/59\/revisions"}],"predecessor-version":[{"id":60,"href":"https:\/\/www.sg-klotzsche.de\/schwimmen\/wp-json\/wp\/v2\/pages\/59\/revisions\/60"}],"up":[{"embeddable":true,"href":"https:\/\/www.sg-klotzsche.de\/schwimmen\/wp-json\/wp\/v2\/pages\/45"}],"wp:attachment":[{"href":"https:\/\/www.sg-klotzsche.de\/schwimmen\/wp-json\/wp\/v2\/media?parent=59"}],"curies":[{"name":"wp","href":"https:\/\/api.w.org\/{rel}","templated":true}]}}