{"id":653,"date":"2019-11-22T20:53:02","date_gmt":"2019-11-22T19:53:02","guid":{"rendered":"https:\/\/www.sg-klotzsche.de\/schwimmen\/?page_id=653"},"modified":"2020-05-17T22:30:41","modified_gmt":"2020-05-17T20:30:41","slug":"ergebnisse-2018","status":"publish","type":"page","link":"https:\/\/www.sg-klotzsche.de\/schwimmen\/wettkaempfe\/ergebnisse\/ergebnisse-2018\/","title":{"rendered":"2018"},"content":{"rendered":"\n<p>Link zu den <a rel=\"noreferrer noopener\" aria-label=\"Vereinsrekorde - Stand am Ende des Jahres 2018 (\u00f6ffnet in neuem Tab)\" href=\"https:\/\/www.sg-klotzsche.de\/schwimmen\/wp-content\/uploads\/sites\/3\/2020\/03\/Vereinsrekorde_2018.Dez_.pdf\" target=\"_blank\">Vereinsrekorden &#8211; Stand am Ende des Jahres 2018<\/a><\/p>\n\n\n\n<h4 class=\"wp-block-heading\">Christstollen-Schwimmfest @ Dresden 14.-16.12.18<\/h4>\n\n\n\n<p>(Inter-) Nationaler Nachwuchs-Wettkampf bei denen Laura und Franca die Herausforderung suchten und gegen eine starke Konkurrenz einige neue Bestzeiten schwammen.<br><a href=\"https:\/\/www.sg-klotzsche.de\/schwimmen\/wp-content\/uploads\/sites\/3\/2020\/04\/ErgebnisStolle18.png\" target=\"_blank\" rel=\"noreferrer noopener\">Ergebnisse<\/a><\/p>\n\n\n\n<h4 class=\"wp-block-heading\">World-Trade-Center-Pokal @ Dresden 08.-09.12.18<\/h4>\n\n\n\n<p>Internationaler  Masters-Wettkampf bei denen Uwe in der AK 60 2x Silber und 1x Bronze sowie Matthias in der AK 45 1x Silber holten.<br><a rel=\"noreferrer noopener\" href=\"https:\/\/www.sg-klotzsche.de\/schwimmen\/wp-content\/uploads\/sites\/3\/2020\/04\/ErgebnisWTC18.png\" target=\"_blank\">Ergebnisse<\/a><\/p>\n\n\n\n<h4 class=\"wp-block-heading\">Herbstwettkampf SG EDM @ Dresden 24.11.18<\/h4>\n\n\n\n<p>Neben den beiden Sportlern in Hoyerswerda (s.u.), waren 11 weitere Schwimmer der SGK beim Wettkampf in Dresden am Start und sehr erfolgreich! 5 neue Vereinsrekorde, unz\u00e4hlige pers\u00f6nliche Bestzeiten, <strong>6 erste, 11 zweite und 8 dritte Pl\u00e4tze<\/strong>!<br><a href=\"https:\/\/www.sg-klotzsche.de\/schwimmen\/wp-content\/uploads\/sites\/3\/2020\/04\/181124-Ergebnis-Dresden.pdf\" target=\"_blank\" rel=\"noreferrer noopener\">Ergebnisse<\/a><\/p>\n\n\n\n<h4 class=\"wp-block-heading\">Schwimm-Meeting @ Hoyerswerda 24.11.18<\/h4>\n\n\n\n<p>Das &#8222;Gold-Team&#8220; der SG Klotzsche war in &#8222;Hoy-Woj&#8220;: 12 Starts -&gt; <strong>11x Gold<\/strong> (und <em>1x<\/em> <em>Disq.<\/em> wegen ungenauer Wende). Dies bedeutete auch je 3 neue Vereinsrekorde f\u00fcr Laura und Franz!<br><a rel=\"noreferrer noopener\" href=\"https:\/\/www.sg-klotzsche.de\/schwimmen\/wp-content\/uploads\/sites\/3\/2020\/04\/181124-Ergebnis-Hoyerswerda.pdf\" target=\"_blank\">Ergebnisse<\/a><\/p>\n\n\n\n<h4 class=\"wp-block-heading\">Herbstschwimmfest SpVgg L\u00f6btau @ Dresden 04.11.18<\/h4>\n\n\n\n<p>Bei diesem Wettkampf mit 8 Dresdner Vereinen (inkl. Radebeul) holten wir viele gute und sehr gute Platzierungen!<br><a href=\"https:\/\/www.sg-klotzsche.de\/schwimmen\/wp-content\/uploads\/sites\/3\/2020\/04\/181104-Ergebnisse.pdf\" target=\"_blank\" rel=\"noreferrer noopener\">Ergebnisse<\/a><\/p>\n\n\n\n<h4 class=\"wp-block-heading\">Schwimmfest @ Zwickau (Masters) 03.11.18<\/h4>\n\n\n\n<p>Matthias holt 2x Silber und 2x Bronze auf den Sprintstrecken! <a href=\"https:\/\/www.sg-klotzsche.de\/schwimmen\/wp-content\/uploads\/sites\/3\/2020\/04\/181103_Ergenbis.jpg\" target=\"_blank\" rel=\"noreferrer noopener\">Ergebnisse<\/a><\/p>\n\n\n\n<h4 class=\"wp-block-heading\">Bezirks-Kurzbahn-Sprint-Meisterschaften @ Riesa 30.09.18<\/h4>\n\n\n\n<p>15 Vereine mit 307 Sportlern k\u00e4mpften um die Bezirksmeistertitel der Jahrg\u00e4nge und Jahrgangsgruppen. Die SG Klotzsche war mit 3 Sportlern am Start und wir holten <strong>4 Bezirksjahrgangsmeister-Titel<\/strong> und jeweils 1x Silber und Bronze.<br><a rel=\"noreferrer noopener\" href=\"https:\/\/www.sg-klotzsche.de\/schwimmen\/wp-content\/uploads\/sites\/3\/2020\/04\/180930_Ergebnisse.pdf\" target=\"_blank\">Ergebnisse<\/a><\/p>\n\n\n\n<h4 class=\"wp-block-heading\">Pl\u00fcschi-Pokal @ Dresden 22.-23.9.18<\/h4>\n\n\n\n<p>Auf diesen \u00fcberregionalen Wettkampf freuen wir uns jedes Jahr sehr. Mit jeder Einzelstrecke kann jeder Schwimmer Punkte f\u00fcr seine Mannschaft sammeln und es gibt Staffeln! 16 Vereine und 353 Sportler waren vor Ort, die SGK war mit 11 Sportlern (plus Hanna in der Staffel) am Start.<br>Mit <strong>6 ersten Pl\u00e4tzen<\/strong>, 2 zweiten und 2 dritten Pl\u00e4tzen, waren wir insgesamt 10x auf dem Podest und konnten auch in den Staffeln mit einem 4. und einem 5. Platz (von je 7 Staffeln) ein respektables Ergebnis vorweisen. Insgesamt holten alle Schwimmer 138 Punkte! <br>Damit holt die <strong>SG Klotzsche<\/strong> den <strong>2. Platz<\/strong> im kleinen Pokal (Vereine bis max 60 Starts) und den <strong>8. Platz<\/strong> im Hauptpokal (alle 16 Vereine)<br><a href=\"https:\/\/www.sg-klotzsche.de\/schwimmen\/wp-content\/uploads\/sites\/3\/2020\/04\/180923_Ergebnisse.pdf\" target=\"_blank\" rel=\"noreferrer noopener\">Ergebnisse (mit Punkten)<\/a><\/p>\n\n\n\n<h4 class=\"wp-block-heading\">Elbepokal @ Dresden 09.09.18<\/h4>\n\n\n\n<p>Dieser Wettkampf beinhaltet Schwimmarten-3-K\u00e4mpfe \u00fcber 50m Beine + 50m Sprint + 100m Sprint. Es traten 12 Vereine und insgesamt 283 Schwimmer an, wir waren mit 9 Schwimmern vertreten, manche mit einem, andere mit zwei Mehrk\u00e4mpfen. <br>Die Platzierungen in den Dreik\u00e4mpfen (in  der jeweiligen Wertungsklasse): <br>Jenni:                       3. Platz (Brust) | 11. Platz (Kraul)<br>Josi:                          disq. (Brust) | 13. Platz (Kraul)<br>Mila:                         7. Platz (R\u00fccken) | 7. Platz (Kraul)<br>Anna-Melina:         8. Platz (Brust)<br>Konrad Maywald: 10. Platz (Kraul)<br>Leon Neumann:    7. Platz (Brust) | 16. Platz (Kraul)<br>Franz:                      2. Platz (R\u00fccken) | 7. Platz (Kraul)<br>Albrecht:                 4. Platz (Kraul)<br>Gustav:                    3. Platz (Brust)<br><a rel=\"noreferrer noopener\" href=\"https:\/\/www.sg-klotzsche.de\/schwimmen\/wp-content\/uploads\/sites\/3\/2020\/04\/180909_Ergebnisse.pdf\" target=\"_blank\">Gesamt\u00fcbersicht \u00fcber alle Ergebnisse (Einzelstrecken)<\/a><\/p>\n\n\n\n<h4 class=\"wp-block-heading\">Schwimmfest am Windberg 29.06. &#8211; 01.07.18<\/h4>\n\n\n\n<p>Mit 9 Schwimmern der SG Klotzsche reisten wir nach Freital. Nach dem Zeltaufbau ging es zur Rutsche und zum Becken. Am Abend nahmen wir an der Apfelschorlen-Staffel teil (21. Platz von 36 Mannschaften, unsere beste Einzelzeit: Laura H. 38,7 Sek. [8.w] ). Samstag und Sonntag k\u00e4mpften wir dann gegen eine gro\u00dfe Konkurrenz um Bestzeiten und Platzierungen. Dabei konnten sehr viele Bestzeiten aufgestellt werden!<br><a href=\"https:\/\/www.sg-klotzsche.de\/schwimmen\/wp-content\/uploads\/sites\/3\/2020\/03\/180630-Ergebnis-Teil1.png\" target=\"_blank\" rel=\"noreferrer noopener\" aria-label=\"Ergebnisse1 (\u00f6ffnet in neuem Tab)\">Ergebnisse1<\/a> <a href=\"https:\/\/www.sg-klotzsche.de\/schwimmen\/wp-content\/uploads\/sites\/3\/2020\/03\/180630-Ergebnis-Teil2.png\" target=\"_blank\" rel=\"noreferrer noopener\" aria-label=\"Ergebnisse2 (\u00f6ffnet in neuem Tab)\">Ergebnisse2<\/a> <a href=\"https:\/\/www.sg-klotzsche.de\/schwimmen\/wp-content\/uploads\/sites\/3\/2020\/03\/180630-Ergebnis-Teil3.png\" target=\"_blank\" rel=\"noreferrer noopener\" aria-label=\"Ergebnisse3 (\u00f6ffnet in neuem Tab)\">Ergebnisse3<\/a><\/p>\n\n\n\n<h4 class=\"wp-block-heading\">Internationales Sprint-Meeting des OSSV Kamenz 23.06.18<\/h4>\n\n\n\n<p>Kurzbahnwettkampf bei dem wir eine Bronzemedaille holen konnten. <a href=\"https:\/\/www.sg-klotzsche.de\/schwimmen\/wp-content\/uploads\/sites\/3\/2020\/03\/180623_Ergebnisse_Kamenz.pdf\" target=\"_blank\" rel=\"noreferrer noopener\" aria-label=\"Ergebnisse (\u00f6ffnet in neuem Tab)\">Ergebnisse<\/a><\/p>\n\n\n\n<h4 class=\"wp-block-heading\"><strong>Vereinsmeisterschaft SG Klotzsche<\/strong> 12.06.18<\/h4>\n\n\n\n<p>Zahlreiche Kinder und Jugendliche unserer Abteilung haben sich bei diesem vereinsinternen Mehrkampf gemessen. Dabei wurde ab JG 2012 jeder Jahrgang einzeln ausgewertet, ab 16 Jahren gab&#8217;s dann eine offene Klasse. Nach dem Wettkampf erfolgte die Siegerehrung aller Teilnehmer und drau\u00dfen wartete das Eismobil.<br>Den Wanderpokal \u00fcber 100m Lagen holten sich dieses Jahr Mich\u00e8le R\u00fctze und Eddie Balske!<br><a rel=\"noreferrer noopener\" aria-label=\"Ergebnisse (\u00f6ffnet in neuem Tab)\" href=\"https:\/\/www.sg-klotzsche.de\/schwimmen\/wp-content\/uploads\/sites\/3\/2020\/03\/180612_Ergebnisse_Vereinsmeisterschaft.pdf\" target=\"_blank\">Ergebnisse<\/a><\/p>\n\n\n\n<h4 class=\"wp-block-heading\">Erich-K\u00e4stner-Schwimmfest @ Dresden 03.06.18<\/h4>\n\n\n\n<p>2x Gold, 3x Silber, 3x Bronze sowie 10 weitere Pl\u00e4tze in den Urkunden-R\u00e4ngen zur Siegerehrung<br>Zudem 2 Siegpr\u00e4mien in Form von B\u00fcchern Erich K\u00e4stners<br><a href=\"https:\/\/www.sg-klotzsche.de\/sw2018\/wp-content\/uploads\/sites\/3\/2018\/06\/180603_Ergebnisse.pdf\" target=\"_blank\" rel=\"noreferrer noopener\">Ergebnisse<\/a><\/p>\n\n\n\n<h4 class=\"wp-block-heading\">Offene Kreis-Kinder-und-Jugend-Spiele @ Dresden 27.05.18<\/h4>\n\n\n\n<p>Mit 12 Schwimmern nahm die SG Klotzsche in der Sportart &#8222;Sportschwimmen&#8220; teil. Auch eine Staffel konnten an den Start gehen. <br>Wir holten <strong>5x GOLD, 2x SILBER und 2x BRONZE<\/strong><br><a rel=\"noreferrer noopener\" aria-label=\"Ergebnisse (\u00f6ffnet in neuem Tab)\" href=\"https:\/\/www.sg-klotzsche.de\/schwimmen\/wp-content\/uploads\/sites\/3\/2020\/03\/180527_Ergebnisse_Kreis_Kinder_und_Jugend_Spiele.pdf\" target=\"_blank\">Ergebnisse<\/a><\/p>\n\n\n\n<h4 class=\"wp-block-heading\">Offene Drei-L\u00e4nder-Masters-Meisterschaften der 3 Mitteldeutschen Landesschwimmverb\u00e4nde @ Gera 05.05.18<\/h4>\n\n\n\n<p>Matthias Wessel war bei den Landesmeisterschaften der Masters in Gera und holte dort 1x Bronze und 2x vierten Platz in der Altersklasse 45<br><a href=\"https:\/\/www.sg-klotzsche.de\/schwimmen\/wp-content\/uploads\/sites\/3\/2020\/03\/180505_Ergebnis_Gera.png\" target=\"_blank\" rel=\"noreferrer noopener\" aria-label=\"Ergebnisse (\u00f6ffnet in neuem Tab)\">Ergebnisse<\/a><\/p>\n\n\n\n<h4 class=\"wp-block-heading\">Bezirks-Langbahn-Meisterschaften @ Dresden 14.04.18<\/h4>\n\n\n\n<p><strong>DREI Bezirksmeistertitel und 1x Bronze f\u00fcr die SGK!<\/strong><br><a rel=\"noreferrer noopener\" aria-label=\"Ergebnisse (\u00f6ffnet in neuem Tab)\" href=\"https:\/\/www.sg-klotzsche.de\/schwimmen\/wp-content\/uploads\/sites\/3\/2020\/03\/180414_Ergebnisse_BezirksMS.png\" target=\"_blank\">Ergebnisse<\/a><\/p>\n\n\n\n<h4 class=\"wp-block-heading\">Lagen-Sprint-Pokal @ Senftenberg 24.03.18<\/h4>\n\n\n\n<p>Zum ersten Mal konnten wir, die SG Klotzsche, einen -nein- gleich <strong>ZWEI Pokale<\/strong> aus Senftenberg in die H\u00f6he strecken! <br>Franca Richter setzte sich in der Altersklasse C (aus 24 Schwimmerinnen) mit der Kombi (25B-50S-75R-100K) und einer Summen-Zeit von 3:15,68 klar an die Spitze. <br>Laura Hofmann konnte sich in der Altersklasse B (aus 8 Schwimmerinnen) und bew\u00e4hrter Streckenkombination (s.o.) in einer Zeit von 2:58,64 ebenfalls mit Abstand den 1.Platz und somit den Pokal holen.<br>Luise Seitz und Hanna Menzel landeten mit guten Zeiten im Mittelfeld.<br><a rel=\"noreferrer noopener\" aria-label=\"Ergebnisse (\u00f6ffnet in neuem Tab)\" href=\"https:\/\/www.sg-klotzsche.de\/schwimmen\/wp-content\/uploads\/sites\/3\/2020\/03\/180324_Ergebnisse_SFB.pdf\" target=\"_blank\">Ergebnisse<\/a><\/p>\n\n\n\n<h4 class=\"wp-block-heading\">Fr\u00fchjahrswettkampf bei der SG EDM @ Dresden 17.03.18<\/h4>\n\n\n\n<p>Direkt eine Woche nach dem Trainingslager trafen sich wieder alle unserer 16 Teilnehmer zum Wettkampf. Es wurden viele neue Bestzeiten aufgestellt und unz\u00e4hlige Podestpl\u00e4tze erreicht!<br><a href=\"https:\/\/www.sg-klotzsche.de\/schwimmen\/wp-content\/uploads\/sites\/3\/2020\/03\/180317_ERGEBNISSE_EDM_Seite1.png\" target=\"_blank\" rel=\"noreferrer noopener\" aria-label=\"Ergebnisse1 (\u00f6ffnet in neuem Tab)\">Ergebnisse1<\/a> <a href=\"https:\/\/www.sg-klotzsche.de\/schwimmen\/wp-content\/uploads\/sites\/3\/2020\/03\/180317_ERGEBNISSE_EDM_Seite2.png\" target=\"_blank\" rel=\"noreferrer noopener\" aria-label=\"Ergebnisse2 (\u00f6ffnet in neuem Tab)\">Ergebnisse2<\/a><\/p>\n\n\n\n<p><\/p>\n\n\n\n<h4 class=\"wp-block-heading\"> Kreismeisterschaften der Stadt Dresden am 14.01.18 <\/h4>\n\n\n\n<p> <strong>3x Gold, 2x Silber, 2x Bronze<\/strong> sowie 15 weitere Pl\u00e4tze in den Urkunden-R\u00e4ngen zur Siegerehrung<br><a rel=\"noreferrer noopener\" href=\"https:\/\/www.sg-klotzsche.de\/sw2018\/wp-content\/uploads\/sites\/3\/2018\/06\/180114_Ergebnisse.pdf\" target=\"_blank\">Ergebnisse<\/a> <\/p>\n\n\n\n<h4 class=\"wp-block-heading\">Winter-Masters-Schwimmfest @ Chemnitz 07.01.18<\/h4>\n\n\n\n<p>Kurzbahn-Wettkampf zum Jahresbeginn bei dem Uwe (AK 60), Philipp (AK 20) und Dieter (AK 75) teilnahmen. Uwe und Philipp konnten jeweils zwei 1. Pl\u00e4tze erk\u00e4mpfen!<br><a href=\"https:\/\/www.sg-klotzsche.de\/schwimmen\/wp-content\/uploads\/sites\/3\/2020\/03\/180107_Ergebnisse_Chemnitz.png\" target=\"_blank\" rel=\"noreferrer noopener\" aria-label=\"Ergebnisse (\u00f6ffnet in neuem Tab)\">Ergebnisse<\/a><\/p>\n","protected":false},"excerpt":{"rendered":"<p>Link zu den Vereinsrekorden &#8211; Stand am Ende des Jahres 2018 Christstollen-Schwimmfest @ Dresden 14.-16.12.18 (Inter-) Nationaler Nachwuchs-Wettkampf bei denen Laura und Franca die Herausforderung suchten und gegen eine starke Konkurrenz einige neue Bestzeiten schwammen.Ergebnisse World-Trade-Center-Pokal @ Dresden 08.-09.12.18 Internationaler Masters-Wettkampf bei denen Uwe in der AK 60 2x Silber\u2026<\/p>\n<p> <a class=\"continue-reading-link\" href=\"https:\/\/www.sg-klotzsche.de\/schwimmen\/wettkaempfe\/ergebnisse\/ergebnisse-2018\/\"><span>Weiterlesen<\/span><i class=\"crycon-right-dir\"><\/i><\/a> <\/p>\n","protected":false},"author":7,"featured_media":0,"parent":92,"menu_order":0,"comment_status":"closed","ping_status":"closed","template":"","meta":{"footnotes":""},"class_list":["post-653","page","type-page","status-publish","hentry"],"_links":{"self":[{"href":"https:\/\/www.sg-klotzsche.de\/schwimmen\/wp-json\/wp\/v2\/pages\/653","targetHints":{"allow":["GET"]}}],"collection":[{"href":"https:\/\/www.sg-klotzsche.de\/schwimmen\/wp-json\/wp\/v2\/pages"}],"about":[{"href":"https:\/\/www.sg-klotzsche.de\/schwimmen\/wp-json\/wp\/v2\/types\/page"}],"author":[{"embeddable":true,"href":"https:\/\/www.sg-klotzsche.de\/schwimmen\/wp-json\/wp\/v2\/users\/7"}],"replies":[{"embeddable":true,"href":"https:\/\/www.sg-klotzsche.de\/schwimmen\/wp-json\/wp\/v2\/comments?post=653"}],"version-history":[{"count":18,"href":"https:\/\/www.sg-klotzsche.de\/schwimmen\/wp-json\/wp\/v2\/pages\/653\/revisions"}],"predecessor-version":[{"id":1927,"href":"https:\/\/www.sg-klotzsche.de\/schwimmen\/wp-json\/wp\/v2\/pages\/653\/revisions\/1927"}],"up":[{"embeddable":true,"href":"https:\/\/www.sg-klotzsche.de\/schwimmen\/wp-json\/wp\/v2\/pages\/92"}],"wp:attachment":[{"href":"https:\/\/www.sg-klotzsche.de\/schwimmen\/wp-json\/wp\/v2\/media?parent=653"}],"curies":[{"name":"wp","href":"https:\/\/api.w.org\/{rel}","templated":true}]}}