{"id":67,"date":"2018-06-06T16:01:45","date_gmt":"2018-06-06T14:01:45","guid":{"rendered":"https:\/\/www.sg-klotzsche.de\/sw2018\/?page_id=67"},"modified":"2025-10-24T17:45:34","modified_gmt":"2025-10-24T15:45:34","slug":"anfahrt","status":"publish","type":"page","link":"https:\/\/www.sg-klotzsche.de\/schwimmen\/training\/anfahrt\/","title":{"rendered":"Anfahrt"},"content":{"rendered":"<p>Die Schwimmhalle befindet sich Dresdner Stadtteil Klotzsche im Industriepark unweit des Flughafens Dresden. Zu erreichen ist die Halle mit Bus, Auto, Fahrrad oder zu Fu\u00df.<\/p>\n<h4>Adresse<\/h4>\n<p>Zum Windkanal 14<br \/>\n01109 Dresden<br \/>\nTel: 0351 \/ 8906469<small><\/small><\/p>\n<h4>Anreise per Auto<\/h4>\n<ul>\n<li>K\u00f6nigsbr\u00fccker Landstra\u00dfe Richtung Weixdorf<\/li>\n<li>Vor dem Ortseingang von Weixdorf in das Industriegel\u00e4nde einbiegen gro\u00dfes gelbes Tor<\/li>\n<li>Stra\u00dfe folgen bis zum Tower (1,5 km)<\/li>\n<li>Rechts abbiegen und parallel zur Landebahn des Flughafens 500 m bis zur Schwimmhalle fahren<\/li>\n<\/ul>\n<h4>Anreise per Bus<\/h4>\n<ul>\n<li>Buslinie 87 vom K\u00e4the-Kollwitz-Platz bis Haltestelle &#8222;Schwimmhalle Klotzsche&#8220;<\/li>\n<li>Stra\u00dfenbahnlinie 7 Richtung Weixdorf bis Haltestelle &#8222;Industriepark Klotzsche&#8220; und dann in die\u00a0Buslinie 87 bis Haltestelle &#8222;Schwimmhalle Klotzsche&#8220;<\/li>\n<\/ul>\n","protected":false},"excerpt":{"rendered":"<p>Die Schwimmhalle befindet sich Dresdner Stadtteil Klotzsche im Industriepark unweit des Flughafens Dresden. Zu erreichen ist die Halle mit Bus, Auto, Fahrrad oder zu Fu\u00df. Adresse Zum Windkanal 14 01109 Dresden Tel: 0351 \/ 8906469 Anreise per Auto K\u00f6nigsbr\u00fccker Landstra\u00dfe Richtung Weixdorf Vor dem Ortseingang von Weixdorf in das Industriegel\u00e4nde\u2026<\/p>\n<p> <a class=\"continue-reading-link\" href=\"https:\/\/www.sg-klotzsche.de\/schwimmen\/training\/anfahrt\/\"><span>Weiterlesen<\/span><i class=\"crycon-right-dir\"><\/i><\/a> <\/p>\n","protected":false},"author":7,"featured_media":0,"parent":45,"menu_order":0,"comment_status":"closed","ping_status":"closed","template":"","meta":{"footnotes":""},"class_list":["post-67","page","type-page","status-publish","hentry"],"_links":{"self":[{"href":"https:\/\/www.sg-klotzsche.de\/schwimmen\/wp-json\/wp\/v2\/pages\/67","targetHints":{"allow":["GET"]}}],"collection":[{"href":"https:\/\/www.sg-klotzsche.de\/schwimmen\/wp-json\/wp\/v2\/pages"}],"about":[{"href":"https:\/\/www.sg-klotzsche.de\/schwimmen\/wp-json\/wp\/v2\/types\/page"}],"author":[{"embeddable":true,"href":"https:\/\/www.sg-klotzsche.de\/schwimmen\/wp-json\/wp\/v2\/users\/7"}],"replies":[{"embeddable":true,"href":"https:\/\/www.sg-klotzsche.de\/schwimmen\/wp-json\/wp\/v2\/comments?post=67"}],"version-history":[{"count":10,"href":"https:\/\/www.sg-klotzsche.de\/schwimmen\/wp-json\/wp\/v2\/pages\/67\/revisions"}],"predecessor-version":[{"id":3156,"href":"https:\/\/www.sg-klotzsche.de\/schwimmen\/wp-json\/wp\/v2\/pages\/67\/revisions\/3156"}],"up":[{"embeddable":true,"href":"https:\/\/www.sg-klotzsche.de\/schwimmen\/wp-json\/wp\/v2\/pages\/45"}],"wp:attachment":[{"href":"https:\/\/www.sg-klotzsche.de\/schwimmen\/wp-json\/wp\/v2\/media?parent=67"}],"curies":[{"name":"wp","href":"https:\/\/api.w.org\/{rel}","templated":true}]}}